{"id":59,"date":"2010-11-25T02:14:30","date_gmt":"2010-11-25T02:14:30","guid":{"rendered":"http:\/\/ecoterrescop.fr\/wordpress\/?page_id=59"},"modified":"2018-03-15T13:48:41","modified_gmt":"2018-03-15T12:48:41","slug":"lequipe","status":"publish","type":"page","link":"https:\/\/ecoterre-scop.fr\/?page_id=59","title":{"rendered":"L\u2019\u00e9quipe"},"content":{"rendered":"<p><a href=\"http:\/\/ecoterre-scop.fr\/wp-content\/uploads\/2010\/11\/maison-paille-durfort-\u00e9quipe1-470.jpg\"><img loading=\"lazy\" decoding=\"async\" class=\"alignleft  wp-image-2496\" src=\"http:\/\/ecoterre-scop.fr\/wp-content\/uploads\/2010\/11\/maison-paille-durfort-\u00e9quipe1-470.jpg\" alt=\"maison paille durfort \u00e9quipe(1) 470\" width=\"322\" height=\"273\" srcset=\"https:\/\/ecoterre-scop.fr\/wp-content\/uploads\/2010\/11\/maison-paille-durfort-\u00e9quipe1-470.jpg 472w, https:\/\/ecoterre-scop.fr\/wp-content\/uploads\/2010\/11\/maison-paille-durfort-\u00e9quipe1-470-300x254.jpg 300w\" sizes=\"auto, (max-width: 322px) 100vw, 322px\" \/><\/a><span class=\"dropcap1\">E<\/span>coterre scop est une entreprise au statut coop\u00e9ratif (<a href=\"http:\/\/ecoterre-scop.fr\/?page_id=108\" target=\"_self\">soci\u00e9t\u00e9 coop\u00e9rative ouvri\u00e8re de production<\/a>), impliquant une gestion d\u00e9mocratique (un homme = une voix) et une part plus grande donn\u00e9es aux ressources humaines et aux investissements.<br \/>\nComme les autres entreprises de ce genre, Ecoterre scop s\u2019inscrit dans le mouvement de l\u2019\u00e9conomie sociale et solidaire, et elle est membre de <span style=\"text-decoration: underline;\"><a href=\"http:\/\/www.scop-lr.coop\/\">L\u2019union r\u00e9gionale des Scops<\/a><\/span>.<\/p>\n<p>&nbsp;<\/p>\n<p>&nbsp;<\/p>\n<p>&nbsp;<\/p>\n<p><strong>Olivier SCHERRER<\/strong>,ma\u00e7on formateur et g\u00e9rant d&rsquo;Ecoterre. Form\u00e9 \u00e0 la ma\u00e7onnerie par les Compagnons du Devoir et du Tour de France, sp\u00e9cialis\u00e9 dans la mise en \u0153uvre des mat\u00e9riaux traditionnels (pierre, terre cuite, chaux) et la restauration du b\u00e2ti ancien. Formateur de nombreux \u00ab chantiers de jeunes \u00bb dans le sud de la France. En 1982, dans le cadre d\u2019un programme de coop\u00e9ration au Mali pour la construction d\u2019\u00e9coles et de dispensaires, il d\u00e9couvre et se passionne pour les architectures de terre. Obtention en 1985 d\u2019un CEA (Certificat en Architecture de Terre) \u00e0 l\u2019\u00c9cole d\u2019Architecture de Grenoble et cr\u00e9ation de l\u2019association Acroterre. En 1986, participation \u00e0 divers chantiers exp\u00e9rimentaux en France (Isle d\u2019Abeau, abbaye du Thoronet,\u2026) et s\u00e9jour professionnel de 8 mois aux \u00c9tats Unis pour se sp\u00e9cialiser sur les techniques de terre dam\u00e9e. Depuis, r\u00e9alisation de nombreux projets de construction en terre (logements sociaux, \u00e9coles, centres de formation, etc.) \u00e0 travers le monde (Afrique, Asie, Am\u00e9rique), en qualit\u00e9 de consultant technique ou de chef de projet.<\/p>\n<p><strong>Aymone NICOLAS<\/strong>, formatrice et associ\u00e9e. Historienne de l&rsquo;architecture, form\u00e9e \u00e0 la r\u00e9novation \u00e9nerg\u00e9tique du patrimoine. Entre 2001 et 2005, enseignante \u00e0 l\u2019\u00e9cole d&rsquo;architecture Paris-Malaquais. Passionn\u00e9e par la p\u00e9dagogie et les enduits de terre. Elle intervient sur les chantiers de construction en terre et anime les formations.<\/p>\n<p><strong>Nicolaas OUDHOF, <\/strong> ing\u00e9nieur et associ\u00e9. Ing\u00e9nieur de l\u2019\u00c9cole des Mines d&rsquo;Al\u00e8s (formation Conception et Management de la Construction). Sp\u00e9cialiste de la construction bois.<\/p>\n<p><strong>Nicolas GRAND<\/strong>, ma\u00e7on et associ\u00e9. Titulaire d&rsquo;un BTS Fluide \u00c9nergie Environnement, technicien polyvalent (bois, m\u00e9tal, \u00e9lectricit\u00e9).<\/p>\n<p><strong>Frank Vandamme, <\/strong>ma\u00e7on et charpentier, responsable de chantier \u00e0 l&rsquo;aide dans tous les domaines. <strong><br \/>\n<\/strong><\/p>\n<p><strong>Abolghassem Lodin<\/strong>, ma\u00e7on confirm\u00e9 form\u00e9 en Iran aux gros-oeuvre et au travail de la pierre (dallage, mosaique). De nationalit\u00e9 Afghane, il travaille au sein de l&rsquo;\u00e9quipe depuis mars 2017.<\/p>\n<p><strong>Margot Riou<\/strong>, apprentie en construction en pierres s\u00e9ches au CFA de l&rsquo;Herault. Titulaire d&rsquo;un cap de menuiseries et d&rsquo;am\u00e9nagements paysagers.<\/p>\n<p>&nbsp;<\/p>\n","protected":false},"excerpt":{"rendered":"<p>scop est une entreprise au statut coop\u00e9ratif (soci\u00e9t\u00e9 coop\u00e9rative ouvri\u00e8re de production), impliquant une gestion d\u00e9mocratique (un homme = une voix) et une part plus grande donn\u00e9es aux ressources humaines et aux investissements. Comme les autres entreprises de ce genre, Ecoterre scop s\u2019inscrit dans le mouvement de l\u2019\u00e9conomie sociale et solidaire, et elle est membre [&hellip;]<\/p>\n","protected":false},"author":2,"featured_media":0,"parent":2,"menu_order":0,"comment_status":"open","ping_status":"closed","template":"","meta":{"footnotes":""},"class_list":["post-59","page","type-page","status-publish","hentry"],"_links":{"self":[{"href":"https:\/\/ecoterre-scop.fr\/index.php?rest_route=\/wp\/v2\/pages\/59","targetHints":{"allow":["GET"]}}],"collection":[{"href":"https:\/\/ecoterre-scop.fr\/index.php?rest_route=\/wp\/v2\/pages"}],"about":[{"href":"https:\/\/ecoterre-scop.fr\/index.php?rest_route=\/wp\/v2\/types\/page"}],"author":[{"embeddable":true,"href":"https:\/\/ecoterre-scop.fr\/index.php?rest_route=\/wp\/v2\/users\/2"}],"replies":[{"embeddable":true,"href":"https:\/\/ecoterre-scop.fr\/index.php?rest_route=%2Fwp%2Fv2%2Fcomments&post=59"}],"version-history":[{"count":57,"href":"https:\/\/ecoterre-scop.fr\/index.php?rest_route=\/wp\/v2\/pages\/59\/revisions"}],"predecessor-version":[{"id":2529,"href":"https:\/\/ecoterre-scop.fr\/index.php?rest_route=\/wp\/v2\/pages\/59\/revisions\/2529"}],"up":[{"embeddable":true,"href":"https:\/\/ecoterre-scop.fr\/index.php?rest_route=\/wp\/v2\/pages\/2"}],"wp:attachment":[{"href":"https:\/\/ecoterre-scop.fr\/index.php?rest_route=%2Fwp%2Fv2%2Fmedia&parent=59"}],"curies":[{"name":"wp","href":"https:\/\/api.w.org\/{rel}","templated":true}]}}