{"id":224,"date":"2010-12-28T15:59:23","date_gmt":"2010-12-28T14:59:23","guid":{"rendered":"http:\/\/ecoterrescop.fr\/wordpress\/?page_id=224"},"modified":"2011-12-28T00:36:03","modified_gmt":"2011-12-27T23:36:03","slug":"techniques-constructives","status":"publish","type":"page","link":"https:\/\/ecoterre-scop.fr\/?page_id=224","title":{"rendered":"Nos techniques"},"content":{"rendered":"<h4>Gros oeuvre<\/h4>\n<div class=\"one_third\"><div class=\"frame_left\"><a href=\"\/\" class=\"img_frame\"><img decoding=\"async\" src=\"http:\/\/ecoterre-scop.fr\/wp-content\/uploads\/2010\/12\/rejointoyagea150.jpg\" alt=\"\"\/><\/a><span class=\"caption\">Rejointoyage<\/span><\/div><\/div>\n<div class=\"one_third\"><div class=\"frame_left\"><a href=\"\/\" class=\"img_frame\"><img decoding=\"async\" src=\"http:\/\/ecoterre-scop.fr\/wp-content\/uploads\/2010\/12\/pierres-s\u00e8ches-150.jpg\" alt=\"\"\/><\/a><span class=\"caption\">Mur en pierres s\u00e8ches<\/span><\/div><\/div>\n<div class=\"one_third last\"><div class=\"frame_left\"><a href=\"\/\" class=\"img_frame\"><img decoding=\"async\" src=\"http:\/\/ecoterre-scop.fr\/wp-content\/uploads\/2010\/12\/briques-1501.jpg\" alt=\"\"\/><\/a><span class=\"caption\">Vo\u00fbte<\/span><\/div><\/div>\n<div class=\"one_third\"><div class=\"frame_left\"><a href=\"\/\" class=\"img_frame\"><img decoding=\"async\" src=\"http:\/\/ecoterre-scop.fr\/wp-content\/uploads\/2011\/01\/fa\u00e7ade-r\u00e9novation-4701-150x150.jpg\" alt=\"\"\/><\/a><span class=\"caption\">Ravalement de fa\u00e7ade<\/span><\/div><\/div>\n<div class=\"one_third\"><div class=\"frame_left\"><a href=\"\/\" class=\"img_frame\"><img decoding=\"async\" src=\"http:\/\/ecoterre-scop.fr\/wp-content\/uploads\/2011\/01\/ptf-dufils-041-150x150.jpg\" alt=\"\"\/><\/a><span class=\"caption\">Isolation de toiture<\/span><\/div><\/div>\n<div class=\"one_third last\"><div class=\"frame_left\"><a href=\"\/\" class=\"img_frame\"><img decoding=\"async\" src=\"http:\/\/ecoterre-scop.fr\/wp-content\/uploads\/2010\/12\/b\u00e9ton-lav\u00e9-Lasalle-150.jpg\" alt=\"\"\/><\/a><span class=\"caption\">Terrasse en b\u00e9ton lav\u00e9<\/span><\/div><\/div>\n<p>&nbsp;<br \/>\n&nbsp;<br \/>\n&nbsp;<\/p>\n<h4>Second oeuvre<\/h4>\n<div class=\"one_third\"><div class=\"frame_left\"><a href=\"\/\" class=\"img_frame\"><img decoding=\"async\" src=\"http:\/\/ecoterre-scop.fr\/wp-content\/uploads\/2010\/12\/bloc-chanvre-isolant-acoustique-150.jpg\" alt=\"\"\/><\/a><span class=\"caption\">Isolation par l&rsquo;ext\u00e9rieur<\/span><\/div><\/div>\n<div class=\"one_third\"><div class=\"frame_left\"><a href=\"\/\" class=\"img_frame\"><img decoding=\"async\" src=\"http:\/\/ecoterre-scop.fr\/wp-content\/uploads\/2010\/12\/isolation-int\u00e9rieure-1501.jpg\" alt=\"\"\/><\/a><span class=\"caption\">Isolation par l&rsquo;int\u00e9rieur<\/span><\/div><\/div>\n<div class=\"one_third last\"><div class=\"frame_left\"><a href=\"\/\" class=\"img_frame\"><img decoding=\"async\" src=\"http:\/\/ecoterre-scop.fr\/wp-content\/uploads\/2010\/12\/plancher-provencaux150.jpg\" alt=\"\"\/><\/a><span class=\"caption\">Planchers proven\u00e7aux<\/span><\/div><\/div>\n<p>&nbsp;<br \/>\n&nbsp;<br \/>\n&nbsp;<\/p>\n<h4>Finitions<\/h4>\n<div class=\"one_third\"><\/p>\n<p>Ces enduits en deux ou trois couches offrent de nombreuses possibilit\u00e9s de finitions, ils sont perm\u00e9ables \u00e0 la vapeur d&rsquo;eau et saine. <div class=\"frame_left\"><a href=\"\/\" class=\"img_frame\"><img decoding=\"async\" src=\"http:\/\/ecoterre-scop.fr\/wp-content\/uploads\/2010\/12\/enduit-chaux-150.jpg\" alt=\"\"\/><\/a><span class=\"caption\">Badigeon de chaux<\/span><\/div>.<\/div>\n<div class=\"one_third\"><\/p>\n<p>Ces enduits liss\u00e9s au galet h\u00e9rit\u00e9s de la tradition marocaine d\u00e9corent ais\u00e9ment cuisine et salle de bains. Ils ont une longue durabilit\u00e9. <div class=\"frame_left\"><a href=\"\/\" class=\"img_frame\"><img decoding=\"async\" src=\"http:\/\/ecoterre-scop.fr\/wp-content\/uploads\/2010\/12\/tadelakt-1501.jpg\" alt=\"\"\/><\/a><span class=\"caption\">Tadelakt<\/span><\/div><\/div>\n<div class=\"one_third last\"><\/p>\n<p>A base d\u2019argile, de fibres et de sable fin, ces enduits s\u2019appliquent sur tout type de support. Il existe une grande vari\u00e9t\u00e9 de coloris et de textures.<div class=\"frame_left\"><a href=\"\/\" class=\"img_frame\"><img decoding=\"async\" src=\"http:\/\/ecoterre-scop.fr\/wp-content\/uploads\/2010\/12\/enduit-terre-d\u00e9co3a150.jpg\" alt=\"\"\/><\/a><span class=\"caption\">Enduits en terre<\/span><\/div><\/div>\n<h4>Mat\u00e9riaux isolants \u00e9cologiques<\/h4>\n<div class=\"one_third\"><\/p>\n<p>la ouate de cellulose est issue du recyclage du papier. Mat\u00e9riau en vrac sur des planchers de comble ou en remplissage de lambourdes. Trait\u00e9e au sel de bore et silicates, elle est prot\u00e9g\u00e9e des insectes, des moisissures et du feu. Conductivit\u00e9 thermique \u03bb= 0,039W\/(m.k).<div class=\"frame_left\"><a href=\"\/\" class=\"img_frame\"><img decoding=\"async\" src=\"http:\/\/ecoterre-scop.fr\/wp-content\/uploads\/2010\/12\/ouate-150.jpg\" alt=\"\"\/><\/a><span class=\"caption\">Ouate de cellulose<\/span><\/div><\/div>\n<div class=\"one_third\"><\/p>\n<p>Le li\u00e8ge est un mat\u00e9riau imputrescible, hydrofuge, ininflammable, rebelle aux attaques d&rsquo;insectes, de rongeurs, de champignons. Conditionn\u00e9 en plaques de 1 m x 0,5 m, il est utilis\u00e9 en isolation thermique et phonique des sols, murs, combles. Conductivit\u00e9 thermique \u03bb= 0,032 \u00e0 0,042W\/(m.k).<div class=\"frame_left\"><a href=\"\/\" class=\"img_frame\"><img decoding=\"async\" src=\"http:\/\/ecoterre-scop.fr\/wp-content\/uploads\/2010\/12\/li\u00e8ge-plaques-150.jpg\" alt=\"\"\/><\/a><span class=\"caption\">Panneaux de li\u00e8ge<\/span><\/div><\/div>\n<div class=\"one_third last\"><\/p>\n<p>Les multiples produits en laine de chanvre sont destin\u00e9s \u00e0 l&rsquo;isolation thermique et phonique des murs, cloisons et toitures. En rouleau ou en plaques rigides, on les utilise\u00a0 en diff\u00e9rentes densit\u00e9s en isolation int\u00e9rieure ou ext\u00e9rieure.\u00a0 Conductivit\u00e9 thermique \u03bb= 0,038W\/(m.k).<div class=\"frame_left\"><a href=\"\/\" class=\"img_frame\"><img decoding=\"async\" src=\"http:\/\/ecoterre-scop.fr\/wp-content\/uploads\/2010\/12\/laine-de-bois-150.jpg\" alt=\"\"\/><\/a><span class=\"caption\">Laine de chanvre<\/span><\/div><\/div>\n","protected":false},"excerpt":{"rendered":"<p>Gros oeuvre &nbsp; &nbsp; &nbsp; Second oeuvre &nbsp; &nbsp; &nbsp; Finitions Mat\u00e9riaux isolants \u00e9cologiques<\/p>\n","protected":false},"author":2,"featured_media":0,"parent":0,"menu_order":1,"comment_status":"open","ping_status":"closed","template":"","meta":{"footnotes":""},"class_list":["post-224","page","type-page","status-publish","hentry"],"_links":{"self":[{"href":"https:\/\/ecoterre-scop.fr\/index.php?rest_route=\/wp\/v2\/pages\/224","targetHints":{"allow":["GET"]}}],"collection":[{"href":"https:\/\/ecoterre-scop.fr\/index.php?rest_route=\/wp\/v2\/pages"}],"about":[{"href":"https:\/\/ecoterre-scop.fr\/index.php?rest_route=\/wp\/v2\/types\/page"}],"author":[{"embeddable":true,"href":"https:\/\/ecoterre-scop.fr\/index.php?rest_route=\/wp\/v2\/users\/2"}],"replies":[{"embeddable":true,"href":"https:\/\/ecoterre-scop.fr\/index.php?rest_route=%2Fwp%2Fv2%2Fcomments&post=224"}],"version-history":[{"count":42,"href":"https:\/\/ecoterre-scop.fr\/index.php?rest_route=\/wp\/v2\/pages\/224\/revisions"}],"predecessor-version":[{"id":861,"href":"https:\/\/ecoterre-scop.fr\/index.php?rest_route=\/wp\/v2\/pages\/224\/revisions\/861"}],"wp:attachment":[{"href":"https:\/\/ecoterre-scop.fr\/index.php?rest_route=%2Fwp%2Fv2%2Fmedia&parent=224"}],"curies":[{"name":"wp","href":"https:\/\/api.w.org\/{rel}","templated":true}]}}