{"id":211,"date":"2010-12-28T14:51:08","date_gmt":"2010-12-28T14:51:08","guid":{"rendered":"http:\/\/ecoterrescop.fr\/wordpress\/?page_id=211"},"modified":"2022-02-28T20:44:01","modified_gmt":"2022-02-28T19:44:01","slug":"partenaires","status":"publish","type":"page","link":"https:\/\/ecoterre-scop.fr\/?page_id=211","title":{"rendered":"Partenaires"},"content":{"rendered":"<h4><a href=\"http:\/\/ecoterre-scop.fr\/wp-content\/uploads\/2010\/12\/cannes-finition470.jpg\"><img loading=\"lazy\" decoding=\"async\" class=\"alignright size-full wp-image-910\" title=\"cannes-finition470\" src=\"http:\/\/ecoterre-scop.fr\/wp-content\/uploads\/2010\/12\/cannes-finition470.jpg\" alt=\"\" width=\"282\" height=\"376\" srcset=\"https:\/\/ecoterre-scop.fr\/wp-content\/uploads\/2010\/12\/cannes-finition470.jpg 470w, https:\/\/ecoterre-scop.fr\/wp-content\/uploads\/2010\/12\/cannes-finition470-224x300.jpg 224w\" sizes=\"auto, (max-width: 282px) 100vw, 282px\" \/><\/a>Artisans<\/h4>\n<p><strong>Tadelakt<br \/>\n<\/strong><em> Murielle Gabilan : <\/em><a href=\"mailto:mgabilan@wanadoo.fr  \">mgabilan(a)wanadoo.fr<\/a><\/p>\n<p><strong>Peinture<\/strong><\/p>\n<p><em>Gilbert De Keyser: <\/em><span style=\"text-decoration: underline;\"><span style=\"color: #0000ff; text-decoration: underline;\">dekeyzer34(a)orange.fr<\/span><\/span><\/p>\n<p><strong>Electricit\u00e9 g\u00e9n\u00e9rale<br \/>\n<\/strong><em> Roger Casse<br \/>\n<\/em> Tel. 06 87 01 14 39<\/p>\n<p><strong>Plomberie\/ solaire \/installation po\u00eales \u00e0 granul\u00e9s<\/strong><br \/>\nGilles Herrard<br \/>\nTel. 06 73 21 63 17<\/p>\n<p><strong>Restauration du patrimoine -dessin mural<\/strong><br \/>\nMyriam Assi\u00e9<br \/>\nTel. 06 33 21 63 45<\/p>\n<h4><strong>\u00a0Architectes<\/strong><\/h4>\n<p><strong>Herv\u00e9 R\u00e9dar\u00e8s et Hugues Baudouin-Inextenso<\/strong>, Al\u00e8s : <a href=\"http:\/\/www.atelier-inextenso.com\" target=\"_blank\" rel=\"noopener\">www.atelier-inextenso.com<\/a><\/p>\n<p><strong>Jean-Fran\u00e7ois Cha\u00eene<\/strong>, Vacqui\u00e8res<\/p>\n<p><strong>Fr\u00e9d\u00e9ric Boivin<\/strong>, Pompignan : <a href=\"http:\/\/ateliercap.free.fr\" target=\"_blank\" rel=\"noopener\">http\/\/ateliercap.free.fr<\/a><\/p>\n<p><strong>Catherine Robin-Scherrer<\/strong>, N\u00eemes<\/p>\n<p><strong>Luc Neples<\/strong>, Montpellier : <a href=\"http:\/\/www.patrimoine-facades.com\" target=\"_blank\" rel=\"noopener\">www.patrimoine-facades.com<\/a><\/p>\n<p><strong>Sophie Lossky<\/strong>, Uz\u00e8s :<span style=\"color: #0000ff;\"> <a style=\"color: #0000ff;\" href=\"http:\/\/www.lossky.fr\/\">www.lossky.fr<\/a><\/span><\/p>\n<h4>Bureaux d&rsquo;\u00e9tudes<\/h4>\n<p><strong>Jardin Gecko<\/strong>, \u00e9tude et am\u00e9nagement de jardin, 34820 Assas : <a href=\"http:\/\/www.jardingecko.com\" target=\"_blank\" rel=\"noopener\">www.jardingecko.com<\/a><\/p>\n<p><strong>ABE sol<strong>, <\/strong><\/strong> \u00e9tude de sol, Saint-Hilaire-de-Brethmas <span style=\"font-family: Times New Roman; font-size: small;\">: <\/span><a href=\"http:\/\/www.abesol.eu\/\" target=\"_blank\" rel=\"noopener\">www.abesol.eu<\/a><\/p>\n<p><strong>ABM conseils<\/strong>, expertise comptable, Sommi\u00e8res 04 66 77 07 64<\/p>\n<h4>Organismes de formation<\/h4>\n<p><strong>\u00a0Inventerre scop, Toulouse<br \/>\n<\/strong><\/p>\n<p><strong>Association PISTES, Uz\u00e8s<\/strong><\/p>\n<p><strong><a href=\"http:\/\/www.cantercel.com\/\" target=\"_blank\" rel=\"noopener\"><img loading=\"lazy\" decoding=\"async\" class=\"alignnone size-full wp-image-905\" style=\"margin-left: 5px; margin-right: 10px;\" title=\"logocantercel\" src=\"http:\/\/ecoterre-scop.fr\/wp-content\/uploads\/2010\/12\/logocantercel1.jpg\" alt=\"\" width=\"111\" height=\"39\" \/><\/a>Cantercel<\/strong>, H\u00e9rault<\/p>\n<p><strong><a href=\"http:\/\/ecoterre-scop.fr\/wp-content\/uploads\/2010\/12\/logo-ifeco1.jpg\"><img loading=\"lazy\" decoding=\"async\" class=\"alignleft size-full wp-image-906\" title=\"logo-ifeco\" src=\"http:\/\/ecoterre-scop.fr\/wp-content\/uploads\/2010\/12\/logo-ifeco1.jpg\" alt=\"\" width=\"111\" height=\"60\" \/><\/a><\/strong><\/p>\n<p><strong>IFECO<\/strong>, Paris &#8211; Montauban<\/p>\n<p><strong><a href=\"http:\/\/ecoterre-scop.fr\/wp-content\/uploads\/2010\/12\/logo-e-dans-leau.jpg\"><img loading=\"lazy\" decoding=\"async\" class=\"alignleft  wp-image-2064\" title=\"logo e dans l'eau\" src=\"http:\/\/ecoterre-scop.fr\/wp-content\/uploads\/2010\/12\/logo-e-dans-leau-150x150.jpg\" alt=\"\" width=\"117\" height=\"117\" \/><\/a><\/strong><\/p>\n<p><strong>E dans l&rsquo;eau, <\/strong>H\u00e9rault<\/p>\n","protected":false},"excerpt":{"rendered":"<p>Artisans Tadelakt Murielle Gabilan : mgabilan(a)wanadoo.fr Peinture Gilbert De Keyser: dekeyzer34(a)orange.fr Electricit\u00e9 g\u00e9n\u00e9rale Roger Casse Tel. 06 87 01 14 39 Plomberie\/ solaire \/installation po\u00eales \u00e0 granul\u00e9s Gilles Herrard Tel. 06 73 21 63 17 Restauration du patrimoine -dessin mural Myriam Assi\u00e9 Tel. 06 33 21 63 45 \u00a0Architectes Herv\u00e9 R\u00e9dar\u00e8s et Hugues Baudouin-Inextenso, Al\u00e8s [&hellip;]<\/p>\n","protected":false},"author":2,"featured_media":0,"parent":2,"menu_order":0,"comment_status":"open","ping_status":"closed","template":"","meta":{"footnotes":""},"class_list":["post-211","page","type-page","status-publish","hentry"],"_links":{"self":[{"href":"https:\/\/ecoterre-scop.fr\/index.php?rest_route=\/wp\/v2\/pages\/211","targetHints":{"allow":["GET"]}}],"collection":[{"href":"https:\/\/ecoterre-scop.fr\/index.php?rest_route=\/wp\/v2\/pages"}],"about":[{"href":"https:\/\/ecoterre-scop.fr\/index.php?rest_route=\/wp\/v2\/types\/page"}],"author":[{"embeddable":true,"href":"https:\/\/ecoterre-scop.fr\/index.php?rest_route=\/wp\/v2\/users\/2"}],"replies":[{"embeddable":true,"href":"https:\/\/ecoterre-scop.fr\/index.php?rest_route=%2Fwp%2Fv2%2Fcomments&post=211"}],"version-history":[{"count":27,"href":"https:\/\/ecoterre-scop.fr\/index.php?rest_route=\/wp\/v2\/pages\/211\/revisions"}],"predecessor-version":[{"id":2595,"href":"https:\/\/ecoterre-scop.fr\/index.php?rest_route=\/wp\/v2\/pages\/211\/revisions\/2595"}],"up":[{"embeddable":true,"href":"https:\/\/ecoterre-scop.fr\/index.php?rest_route=\/wp\/v2\/pages\/2"}],"wp:attachment":[{"href":"https:\/\/ecoterre-scop.fr\/index.php?rest_route=%2Fwp%2Fv2%2Fmedia&parent=211"}],"curies":[{"name":"wp","href":"https:\/\/api.w.org\/{rel}","templated":true}]}}