{"id":2,"date":"2011-02-10T10:15:34","date_gmt":"2011-02-10T09:15:34","guid":{"rendered":"http:\/\/ecoterre-scop.fr\/?page_id=2"},"modified":"2022-02-28T20:35:07","modified_gmt":"2022-02-28T19:35:07","slug":"a-propos","status":"publish","type":"page","link":"https:\/\/ecoterre-scop.fr\/?page_id=2","title":{"rendered":"Qui sommes nous ?"},"content":{"rendered":"<p><span style=\"color: #800000;\"><strong><a href=\"http:\/\/ecoterre-scop.fr\/wp-content\/uploads\/2015\/07\/Saint_Remy_940-4.jpg\"><img loading=\"lazy\" decoding=\"async\" class=\"alignleft  wp-image-2258\" src=\"http:\/\/ecoterre-scop.fr\/wp-content\/uploads\/2015\/07\/Saint_Remy_940-4.jpg\" alt=\"OLYMPUS DIGITAL CAMERA\" width=\"822\" height=\"385\" srcset=\"https:\/\/ecoterre-scop.fr\/wp-content\/uploads\/2015\/07\/Saint_Remy_940-4.jpg 940w, https:\/\/ecoterre-scop.fr\/wp-content\/uploads\/2015\/07\/Saint_Remy_940-4-300x140.jpg 300w\" sizes=\"auto, (max-width: 822px) 100vw, 822px\" \/><\/a>Ecoterre scop, une entreprise coop\u00e9rative engag\u00e9e sur son territoire<\/strong><\/span><\/p>\n<p>Entreprise artisanale cr\u00e9\u00e9e en janvier 2000 \u00e0 Sauve (Gard), Ecoterre est sp\u00e9cialis\u00e9e dans la r\u00e9alisation de projets de construction en neuf et r\u00e9novation utilisant des mat\u00e9riaux sains dans le respect de l\u2019environnement et du patrimoine. La construction en terre est l\u2019une de ses sp\u00e9cialit\u00e9s. L\u2019\u00e9quipe constitu\u00e9e de 4 salari\u00e9s-associ\u00e9s et 2 apprentis intervient dans trois grands domaines\u00a0:<\/p>\n<p><span style=\"text-decoration: underline;\">Les projets de construction<\/span><\/p>\n<p>&#8211; La r\u00e9novation (tous travaux, am\u00e9nagement int\u00e9rieur, enduits de fa\u00e7ades\u00a0et int\u00e9rieur \u00e0 la chaux, r\u00e9fection de toitures avec isolants naturels, etc.).<\/p>\n<p>&#8211; L&rsquo;am\u00e9lioration \u00e9nerg\u00e9tique : isolation int\u00e9rieure, ext\u00e9rieure, en ouate de cellulose, li\u00e8ge, laine de bois.<\/p>\n<p>&#8211; La construction neuve (fondations, planchers, \u00a0charpente, couverture, enduit int\u00e9rieur\/ext\u00e9rieur).<\/p>\n<p>&#8211; Les ouvrages en \u00e9co-mat\u00e9riaux (murs en pis\u00e9, en terre-paille, enduit en terre, briques de chaux-chanvre\u2026)<\/p>\n<p><span style=\"text-decoration: underline;\"><a href=\"http:\/\/ecoterre-scop.fr\/wp-content\/uploads\/2014\/10\/eco_artisan_rge.png\"><img loading=\"lazy\" decoding=\"async\" class=\"  wp-image-2203 alignright\" src=\"http:\/\/ecoterre-scop.fr\/wp-content\/uploads\/2014\/10\/eco_artisan_rge.png\" alt=\"eco_artisan_rge\" width=\"192\" height=\"128\" \/><\/a>Le conseil<\/span><\/p>\n<p>Ecoterre accompagne ses clients d\u00e8s le d\u00e9but du projet et \u00e0 tous les stades de la conception afin d\u2019optimiser la coh\u00e9rence technique, esth\u00e9tique, \u00e9nerg\u00e9tique et \u00e9conomique du projet de construction. Selon les cas, il s\u2019agira d\u2019une mission compl\u00e8te d\u2019architecte (conception, m\u00e9tr\u00e9, suivi) ou d\u2019interventions ponctuelles destin\u00e9es \u00e0 recentrer le projet.<\/p>\n<p><a href=\"http:\/\/ecoterre-scop.fr\/wp-content\/uploads\/2014\/10\/terre-paille-stage-cantercel-diptic1-940.jpg\"><img loading=\"lazy\" decoding=\"async\" class=\"alignleft  wp-image-2183\" src=\"http:\/\/ecoterre-scop.fr\/wp-content\/uploads\/2014\/10\/terre-paille-stage-cantercel-diptic1-940.jpg\" alt=\"terre-paille stage cantercel diptic1-940\" width=\"872\" height=\"371\" srcset=\"https:\/\/ecoterre-scop.fr\/wp-content\/uploads\/2014\/10\/terre-paille-stage-cantercel-diptic1-940.jpg 940w, https:\/\/ecoterre-scop.fr\/wp-content\/uploads\/2014\/10\/terre-paille-stage-cantercel-diptic1-940-300x127.jpg 300w\" sizes=\"auto, (max-width: 872px) 100vw, 872px\" \/><\/a><\/p>\n","protected":false},"excerpt":{"rendered":"<p>Ecoterre scop, une entreprise coop\u00e9rative engag\u00e9e sur son territoire Entreprise artisanale cr\u00e9\u00e9e en janvier 2000 \u00e0 Sauve (Gard), Ecoterre est sp\u00e9cialis\u00e9e dans la r\u00e9alisation de projets de construction en neuf et r\u00e9novation utilisant des mat\u00e9riaux sains dans le respect de l\u2019environnement et du patrimoine. La construction en terre est l\u2019une de ses sp\u00e9cialit\u00e9s. L\u2019\u00e9quipe constitu\u00e9e [&hellip;]<\/p>\n","protected":false},"author":2,"featured_media":0,"parent":0,"menu_order":3,"comment_status":"open","ping_status":"closed","template":"","meta":{"footnotes":""},"class_list":["post-2","page","type-page","status-publish","hentry"],"_links":{"self":[{"href":"https:\/\/ecoterre-scop.fr\/index.php?rest_route=\/wp\/v2\/pages\/2","targetHints":{"allow":["GET"]}}],"collection":[{"href":"https:\/\/ecoterre-scop.fr\/index.php?rest_route=\/wp\/v2\/pages"}],"about":[{"href":"https:\/\/ecoterre-scop.fr\/index.php?rest_route=\/wp\/v2\/types\/page"}],"author":[{"embeddable":true,"href":"https:\/\/ecoterre-scop.fr\/index.php?rest_route=\/wp\/v2\/users\/2"}],"replies":[{"embeddable":true,"href":"https:\/\/ecoterre-scop.fr\/index.php?rest_route=%2Fwp%2Fv2%2Fcomments&post=2"}],"version-history":[{"count":10,"href":"https:\/\/ecoterre-scop.fr\/index.php?rest_route=\/wp\/v2\/pages\/2\/revisions"}],"predecessor-version":[{"id":2594,"href":"https:\/\/ecoterre-scop.fr\/index.php?rest_route=\/wp\/v2\/pages\/2\/revisions\/2594"}],"wp:attachment":[{"href":"https:\/\/ecoterre-scop.fr\/index.php?rest_route=%2Fwp%2Fv2%2Fmedia&parent=2"}],"curies":[{"name":"wp","href":"https:\/\/api.w.org\/{rel}","templated":true}]}}