{"id":197,"date":"2010-12-28T14:23:59","date_gmt":"2010-12-28T13:23:59","guid":{"rendered":"http:\/\/ecoterrescop.fr\/wordpress\/?page_id=197"},"modified":"2011-12-30T22:31:27","modified_gmt":"2011-12-30T21:31:27","slug":"constructions-en-terre","status":"publish","type":"page","link":"https:\/\/ecoterre-scop.fr\/?page_id=197","title":{"rendered":"Construire en terre"},"content":{"rendered":"<h3><a href=\"http:\/\/ecoterre-scop.fr\/wp-content\/uploads\/2011\/01\/ptf-institutagro-071-224x300.jpg\"><img loading=\"lazy\" decoding=\"async\" class=\"alignright size-thumbnail wp-image-724\" style=\"margin-top: 10px; margin-bottom: 10px;\" title=\"ptf-institutagro-071-224x300\" src=\"http:\/\/ecoterre-scop.fr\/wp-content\/uploads\/2011\/01\/ptf-institutagro-071-224x300-150x150.jpg\" alt=\"\" width=\"150\" height=\"150\" \/><\/a>Pourquoi construire en terre aujourd&rsquo;hui?<\/h3>\n<p><span class=\"dropcap1\">L<\/span>a construction en terre crue est beaucoup plus actuelle qu&rsquo;il n&rsquo;y para\u00eet au premier abord, puisqu&rsquo;elle r\u00e9pond \u00e0 la fois aux enjeux techniques, environnementaux et sociaux de l&rsquo;architecture contemporaine.<\/p>\n<h5>Un mat\u00e9riau de structure, assurant un bon confort thermique<\/h5>\n<p>Ce mat\u00e9riau, utilis\u00e9 en structure et en enduit peut \u00eatre ais\u00e9ment associ\u00e9 aux produits plus contemporains tels que le verre, le b\u00e9ton, la pierre ou le bois et convient \u00e0 des constructions \u00e0 \u00e9tages ou parasismiques.<\/p>\n<p>Le mat\u00e9riau terre pr\u00e9sente des propri\u00e9t\u00e9s physiques et thermiques int\u00e9ressantes pour des b\u00e2timents recevant du public. L\u2019int\u00e9r\u00eat principal des murs en pis\u00e9 par exemple r\u00e9sident dans leur forte inertie, qui leur permet en hiver d\u2019accumuler la chaleur du soleil dans la journ\u00e9e et de restituer les calories pendant la nuit, et en \u00e9t\u00e9 d\u2019assurer un bon confort d\u2019\u00e9t\u00e9.<\/p>\n<p>Par ailleurs, la terre joue un r\u00f4le important dans le confort climatique des occupants en r\u00e9gulant le taux d\u2019humidit\u00e9 de l\u2019air gr\u00e2ce \u00e0 sa capacit\u00e9 d\u2019absorption et de restitution de la vapeur d\u2019eau. Enfin les murs terre assurent une tr\u00e8s bonne isolation phonique et une bonne correction acoustique, l\u00e0 aussi primordiale pour un b\u00e2timent public.<\/p>\n<h5><a href=\"http:\/\/ecoterre-scop.fr\/wp-content\/uploads\/2010\/12\/Bengouzal01-470.jpg\"><img loading=\"lazy\" decoding=\"async\" class=\"alignleft size-thumbnail wp-image-948\" style=\"margin-top: 10px; margin-bottom: 10px;\" title=\"Bengouzal01-470\" src=\"http:\/\/ecoterre-scop.fr\/wp-content\/uploads\/2010\/12\/Bengouzal01-470-150x150.jpg\" alt=\"\" width=\"150\" height=\"150\" \/><\/a>Un mat\u00e9riau \u00e9conomique, sain et recyclable<\/h5>\n<p>La construction en terre r\u00e9pond \u00e0 de nombreux enjeux environnementaux et g\u00e9n\u00e8re en cela de multiples \u00e9conomies\u00a0:<br \/>\n&#8211;\u00a0\u00a0\u00a0 en utilisant la terre du site, on utilise un mat\u00e9riau ne n\u00e9cessitant ni transport et ni transformation (\u00e9conomie de carburant et d\u2019\u00e9nergie grise)<br \/>\n&#8211;\u00a0\u00a0\u00a0 c\u2019est un mat\u00e9riau sain, manipulable avec les mains qui ne nuit pas \u00e0 la sant\u00e9 des ouvriers et des occupants<br \/>\n&#8211;\u00a0\u00a0\u00a0 la terre est une ressource abondante et enti\u00e8rement recyclable (pas de d\u00e9chets)<br \/>\n&#8211;\u00a0\u00a0\u00a0 les constructions en terre ont une bonne capacit\u00e9 d\u2019absorption des ondes \u00e9lectromagn\u00e9tiques et des mauvaises odeurs.<br \/>\nLa construction en terre est donc un choix pertinent dans une d\u00e9marche de co\u00fbt global.<strong> <\/strong><\/p>\n<p>&nbsp;<\/p>\n<h5><a href=\"http:\/\/ecoterre-scop.fr\/wp-content\/uploads\/2010\/12\/pis\u00e9-monoblet-a.jpg\"><img loading=\"lazy\" decoding=\"async\" class=\"alignright size-thumbnail wp-image-949\" style=\"margin-top: 10px; margin-bottom: 10px;\" title=\"pis\u00e9-monoblet-a\" src=\"http:\/\/ecoterre-scop.fr\/wp-content\/uploads\/2010\/12\/pis\u00e9-monoblet-a-150x150.jpg\" alt=\"\" width=\"150\" height=\"150\" \/><\/a>Des techniques \u00e0 forte \u00ab\u00a0intensit\u00e9 sociale\u00a0\u00bb<\/h5>\n<p>La construction en terre r\u00e9pond aux enjeux sociaux de l\u2019emploi et de la formation. Contrairement aux mat\u00e9riaux industrialis\u00e9s qui r\u00e9duisent la part de la main d\u2019\u0153uvre dans l\u2019\u00e9conomie du b\u00e2timent, la terre redonne toute sa place au m\u00e9tier artisanal et aux savoirs-faire. Il est urgent de prendre en compte le crit\u00e8re \u00ab\u00a0d\u2019intensit\u00e9 sociale\u00a0\u00bb. Un chantier de construction en terre rev\u00eat aussi un caract\u00e8re novateur mobilisant les \u00e9nergies des diff\u00e9rents acteurs, ma\u00eetre d\u2019ouvrage, ma\u00eetre d\u2019\u0153uvre, entreprises, stagiaires, habitants de la commune.<br \/>\n<strong> <\/strong><br \/>\n<strong> <\/strong><\/p>\n<h3>Les principales techniques<\/h3>\n<p>&nbsp;<\/p>\n<h5>Adobes<\/h5>\n<p>briques de terre crue s\u00e9ch\u00e9es au soleil, stabilis\u00e9es ou non. De dimensions et de densit\u00e9 variables, les adobes ou carreaux de terre crue peuvent \u00eatre utilis\u00e9s indiff\u00e9remment pour l\u2019\u00e9dification de structures, le remplissage d\u2019ossatures ou comme \u00e9l\u00e9ment d\u00e9coratif.<br \/>\n<strong> <\/strong><\/p>\n<h5>Blocs de terre comprim\u00e9e<\/h5>\n<p>Version moderne des adobes, ils sont produits artisanalement ou industriellement \u00e0 l\u2019aide de presses m\u00e9canis\u00e9es. Leur tr\u00e8s bonne r\u00e9sistance \u00e0 la compression (100 kgf\/cm2) les pr\u00e9dispose \u00e0 une utilisation en structure porteuse et pour la r\u00e9alisation d\u2019ouvrages complexes (arcs, vo\u00fbtes, d\u00f4mes,\u2026). La vari\u00e9t\u00e9 de coloris en fonction des terres et stabilisants utilis\u00e9s offre de nombreuses possibilit\u00e9s d\u00e9coratives.<br \/>\n<strong> <\/strong><\/p>\n<h5>Pis\u00e9<\/h5>\n<p>Terre dam\u00e9e dans des coffrages, crue ou stabilis\u00e9e \u00e0 l\u2019aide d\u2019un liant. G\u00e9n\u00e9ralement utilis\u00e9e en murs porteurs de grande \u00e9paisseur, cette technique permet d\u2019obtenir une excellente inertie thermique et un temps de d\u00e9phasage important.<br \/>\n<strong> <\/strong><\/p>\n<h5>Terre- paille<\/h5>\n<p>Fibres de paille enrob\u00e9es de barbotine de terre l\u00e9g\u00e8rement tass\u00e9es dans un coffrage fix\u00e9 provisoirement sur une ossature bois. En raison de sa faible densit\u00e9 (600 kg\/m3 en moyenne), ce mat\u00e9riau repr\u00e9sente un bon compromis entre isolation et inertie thermique.<br \/>\n<strong> <\/strong><\/p>\n<h5>Arcs, vo\u00fbtes, d\u00f4mes<\/h5>\n<p>Une grande vari\u00e9t\u00e9 structures complexes (porteuses ou non) telles que vo\u00fbtes d\u2019ar\u00eates, nubiennes, en navettes, coupoles etc. peuvent \u00eatre r\u00e9alis\u00e9es en terre crue, en terre cuite ou en pierre. \u0152uvres uniques, \u00e9l\u00e9ments monumentaux, d\u00e9coratifs ou fonctionnels (cave \u00e0 vin par exemple) ces techniques peuvent s\u2019int\u00e9grer dans n\u2019importe quel projet architectural qu\u2019il s\u2019agisse de r\u00e9habilitation ou de construction neuve.<\/p>\n","protected":false},"excerpt":{"rendered":"<p>Pourquoi construire en terre aujourd&rsquo;hui? construction en terre crue est beaucoup plus actuelle qu&rsquo;il n&rsquo;y para\u00eet au premier abord, puisqu&rsquo;elle r\u00e9pond \u00e0 la fois aux enjeux techniques, environnementaux et sociaux de l&rsquo;architecture contemporaine. Un mat\u00e9riau de structure, assurant un bon confort thermique Ce mat\u00e9riau, utilis\u00e9 en structure et en enduit peut \u00eatre ais\u00e9ment associ\u00e9 aux [&hellip;]<\/p>\n","protected":false},"author":2,"featured_media":0,"parent":1517,"menu_order":2,"comment_status":"open","ping_status":"closed","template":"","meta":{"footnotes":""},"class_list":["post-197","page","type-page","status-publish","hentry"],"_links":{"self":[{"href":"https:\/\/ecoterre-scop.fr\/index.php?rest_route=\/wp\/v2\/pages\/197","targetHints":{"allow":["GET"]}}],"collection":[{"href":"https:\/\/ecoterre-scop.fr\/index.php?rest_route=\/wp\/v2\/pages"}],"about":[{"href":"https:\/\/ecoterre-scop.fr\/index.php?rest_route=\/wp\/v2\/types\/page"}],"author":[{"embeddable":true,"href":"https:\/\/ecoterre-scop.fr\/index.php?rest_route=\/wp\/v2\/users\/2"}],"replies":[{"embeddable":true,"href":"https:\/\/ecoterre-scop.fr\/index.php?rest_route=%2Fwp%2Fv2%2Fcomments&post=197"}],"version-history":[{"count":53,"href":"https:\/\/ecoterre-scop.fr\/index.php?rest_route=\/wp\/v2\/pages\/197\/revisions"}],"predecessor-version":[{"id":1569,"href":"https:\/\/ecoterre-scop.fr\/index.php?rest_route=\/wp\/v2\/pages\/197\/revisions\/1569"}],"up":[{"embeddable":true,"href":"https:\/\/ecoterre-scop.fr\/index.php?rest_route=\/wp\/v2\/pages\/1517"}],"wp:attachment":[{"href":"https:\/\/ecoterre-scop.fr\/index.php?rest_route=%2Fwp%2Fv2%2Fmedia&parent=197"}],"curies":[{"name":"wp","href":"https:\/\/api.w.org\/{rel}","templated":true}]}}