{"id":1316,"date":"2011-12-08T11:27:09","date_gmt":"2011-12-08T10:27:09","guid":{"rendered":"http:\/\/ecoterre-scop.fr\/?page_id=1316"},"modified":"2018-03-26T15:41:47","modified_gmt":"2018-03-26T14:41:47","slug":"fromation-construire-en-terre-paille","status":"publish","type":"page","link":"https:\/\/ecoterre-scop.fr\/?page_id=1316","title":{"rendered":"Construire en terre-all\u00e9g\u00e9e"},"content":{"rendered":"<p><a href=\"http:\/\/ecoterre-scop.fr\/wp-content\/uploads\/2015\/07\/5-Principe-de-coffrage-cr\u00e9dit-RAH-Inventerre-scop.jpg\"><img loading=\"lazy\" decoding=\"async\" class=\"  wp-image-2303 aligncenter\" src=\"http:\/\/ecoterre-scop.fr\/wp-content\/uploads\/2015\/07\/5-Principe-de-coffrage-cr\u00e9dit-RAH-Inventerre-scop.jpg\" alt=\"5 Principe de coffrage cr\u00e9dit RAH Inventerre scop\" width=\"513\" height=\"385\" srcset=\"https:\/\/ecoterre-scop.fr\/wp-content\/uploads\/2015\/07\/5-Principe-de-coffrage-cr\u00e9dit-RAH-Inventerre-scop.jpg 2048w, https:\/\/ecoterre-scop.fr\/wp-content\/uploads\/2015\/07\/5-Principe-de-coffrage-cr\u00e9dit-RAH-Inventerre-scop-300x225.jpg 300w, https:\/\/ecoterre-scop.fr\/wp-content\/uploads\/2015\/07\/5-Principe-de-coffrage-cr\u00e9dit-RAH-Inventerre-scop-1024x768.jpg 1024w\" sizes=\"auto, (max-width: 513px) 100vw, 513px\" \/><\/a><\/p>\n<p><strong>Objectif g\u00e9n\u00e9ral :<\/strong><\/p>\n<p>&#8211; ma\u00eetriser la technique de l\u2019ossature bois et remplissage terre-all\u00e9g\u00e9e.<\/p>\n<p><strong>Comp\u00e9tences vis\u00e9es :<\/strong><\/p>\n<p>&#8211; comprendre le mat\u00e9riau terre<br \/>\n&#8211; conna\u00eetre les diff\u00e9rentes mises en \u0153uvre de la terre all\u00e9g\u00e9e, en particulier du terre-paille<br \/>\n&#8211; savoir faire des choix concernant les dosages et les techniques d\u2019application<\/p>\n<p><strong>Public et pr\u00e9requis\u00a0:<\/strong><\/p>\n<p>Cette formation s\u2019adresse\u00a0:<\/p>\n<ul>\n<li>Aux artisans souhaitant acqu\u00e9rir une sp\u00e9cialisation dans la mise en \u0153uvre de la terre crue\u00a0: ma\u00e7ons, charpentiers, menuisiers ..<\/li>\n<li>Aux autoconstructeurs<\/li>\n<li>A toute personne souhaitant conna\u00eetre les caract\u00e9ristiques m\u00e9caniques et d\u2019isolation du mat\u00e9riau terre.<\/li>\n<\/ul>\n<p>Pour suivre cette formation, il est pr\u00e9f\u00e9rable d\u2019avoir des bases en ma\u00e7onnerie, enduits ou d\u2019avoir matur\u00e9 un projet d\u2019autoconstruction dans sa phase conception.<\/p>\n<p><strong>La m\u00e9thode p\u00e9dagogique est active\u00a0:<\/strong><\/p>\n<p>Alternance de s\u00e9quences th\u00e9oriques et pratiques en p\u00e9dagogie active bas\u00e9e sur l\u2019exp\u00e9rimentation<\/p>\n<p><strong>Evaluation et sanction\u00a0:<\/strong><\/p>\n<p>&#8211; Suivi pr\u00e9sentiel avec signature d\u2019une feuille de pr\u00e9sence<\/p>\n<p>&#8211; l\u2019\u00e9valuation des connaissances, aptitudes et comp\u00e9tences se base sur une participation active des stagiaire et une grille d\u2019\u00e9valuation remplie par le formateur<\/p>\n<p>&#8211; grille d\u2019\u00e9valuation par le stagiaire \u00e0 remplir en fin de session<\/p>\n<p>&#8211; attestation individuelle en fin de stage cosign\u00e9e par le formateur et le responsable de l\u2019organisme<\/p>\n<p>&nbsp;<\/p>\n<h4>Programme :<\/h4>\n<div class=\"one_half \"><\/p>\n<h5>Th\u00e9orie<\/h5>\n<ul>\n<li><strong>Le mat\u00e9riau terre<\/strong><\/li>\n<\/ul>\n<p>&#8211; Exemples d\u2019architectures contemporaines en terre construites en pis\u00e9, briques BTC, terre-paille<br \/>\n&#8211; Qualit\u00e9s architecturales, thermiques, hygrom\u00e9triques et \u00e9cologiques de la terre (confort acoustique et olfactif, faible \u00e9nergie grise, recyclable)<br \/>\n&#8211; compr\u00e9hension du mat\u00e9riau terre, composition, convenance, propri\u00e9t\u00e9s<\/p>\n<ul>\n<li><strong>La terre all\u00e9g\u00e9e et en particulier le terre-paille<\/strong><\/li>\n<\/ul>\n<p>&#8211; Evolution moderne du torchis, composants v\u00e9g\u00e9taux et min\u00e9raux<br \/>\n&#8211; Compl\u00e9mentarit\u00e9 de la terre avec la construction ossature-bois<br \/>\n&#8211; domaine d\u2019application\u00a0: murs ext\u00e9rieurs isolant thermique, cloisons \u00e0 inertie et isolation phonique<\/p>\n<ul>\n<li><strong>Techniques<\/strong><\/li>\n<\/ul>\n<p>&#8211; mise en \u0153uvre humide par compactage, \u00e0 sec par \u00e9l\u00e9ments pr\u00e9fabriqu\u00e9s<br \/>\n&#8211; organisation du chantier, outillage<br \/>\n&#8211; connaissances de base de l\u2019ossature bois<br \/>\n&#8211; finitions\u00a0: enduits terre, chaux,<\/p>\n<p><\/div>\n<div class=\"one_half last \"><\/p>\n<h5>Pratique<\/h5>\n<ul>\n<li><strong>Travaux Pratiques<\/strong><\/li>\n<\/ul>\n<p>&#8211; tests de convenance de la terre, coh\u00e9sion et limite de liquidit\u00e9 de la barbotine<br \/>\n&#8211; tests de diff\u00e9rentes terres et composants v\u00e9g\u00e9taux ou min\u00e9raux<br \/>\n&#8211; construction d\u2019une ossature bois et pr\u00e9paration de diff\u00e9rents m\u00e9langes<br \/>\n&#8211; remplissage terre-paille et r\u00e9alisations d\u2019\u00e9chantillons<\/p>\n<ul>\n<li><strong>Exemples de r\u00e9alisations et contexte professionnel<\/strong><\/li>\n<\/ul>\n<p>&#8211; R\u00e9alisations en France et en Europe<br \/>\n&#8211; march\u00e9 et professionnels du secteur adresses et r\u00e9seaux<br \/>\n&#8211; bibliographie<\/p>\n<p>&nbsp;<\/p>\n<h5>Evaluation<\/h5>\n<p>&#8211; s\u00e9quences de questions-r\u00e9ponses<br \/>\n&#8211; fiche d\u2019\u00e9valuation de la formation<br \/>\n&#8211; Attestation de formation<\/p>\n<p><\/div>\n","protected":false},"excerpt":{"rendered":"<p>Objectif g\u00e9n\u00e9ral : &#8211; ma\u00eetriser la technique de l\u2019ossature bois et remplissage terre-all\u00e9g\u00e9e. Comp\u00e9tences vis\u00e9es : &#8211; comprendre le mat\u00e9riau terre &#8211; conna\u00eetre les diff\u00e9rentes mises en \u0153uvre de la terre all\u00e9g\u00e9e, en particulier du terre-paille &#8211; savoir faire des choix concernant les dosages et les techniques d\u2019application Public et pr\u00e9requis\u00a0: Cette formation s\u2019adresse\u00a0: Aux [&hellip;]<\/p>\n","protected":false},"author":2,"featured_media":0,"parent":25,"menu_order":0,"comment_status":"open","ping_status":"closed","template":"","meta":{"footnotes":""},"class_list":["post-1316","page","type-page","status-publish","hentry"],"_links":{"self":[{"href":"https:\/\/ecoterre-scop.fr\/index.php?rest_route=\/wp\/v2\/pages\/1316","targetHints":{"allow":["GET"]}}],"collection":[{"href":"https:\/\/ecoterre-scop.fr\/index.php?rest_route=\/wp\/v2\/pages"}],"about":[{"href":"https:\/\/ecoterre-scop.fr\/index.php?rest_route=\/wp\/v2\/types\/page"}],"author":[{"embeddable":true,"href":"https:\/\/ecoterre-scop.fr\/index.php?rest_route=\/wp\/v2\/users\/2"}],"replies":[{"embeddable":true,"href":"https:\/\/ecoterre-scop.fr\/index.php?rest_route=%2Fwp%2Fv2%2Fcomments&post=1316"}],"version-history":[{"count":23,"href":"https:\/\/ecoterre-scop.fr\/index.php?rest_route=\/wp\/v2\/pages\/1316\/revisions"}],"predecessor-version":[{"id":2555,"href":"https:\/\/ecoterre-scop.fr\/index.php?rest_route=\/wp\/v2\/pages\/1316\/revisions\/2555"}],"up":[{"embeddable":true,"href":"https:\/\/ecoterre-scop.fr\/index.php?rest_route=\/wp\/v2\/pages\/25"}],"wp:attachment":[{"href":"https:\/\/ecoterre-scop.fr\/index.php?rest_route=%2Fwp%2Fv2%2Fmedia&parent=1316"}],"curies":[{"name":"wp","href":"https:\/\/api.w.org\/{rel}","templated":true}]}}