{"id":1294,"date":"2011-12-08T10:55:00","date_gmt":"2011-12-08T09:55:00","guid":{"rendered":"http:\/\/ecoterre-scop.fr\/?page_id=1294"},"modified":"2018-03-26T15:51:36","modified_gmt":"2018-03-26T14:51:36","slug":"enduits-et-peinture-a-la-chaux","status":"publish","type":"page","link":"https:\/\/ecoterre-scop.fr\/?page_id=1294","title":{"rendered":"Enduits et peinture \u00e0 la chaux"},"content":{"rendered":"<p><strong><a href=\"http:\/\/ecoterre-scop.fr\/wp-content\/uploads\/2010\/11\/Photos-chantiers-2008-175.jpg\">\u00a0<\/a><a href=\"http:\/\/ecoterre-scop.fr\/wp-content\/uploads\/2013\/03\/Tablette-diptic.jpg\"><img loading=\"lazy\" decoding=\"async\" class=\"  wp-image-1785 aligncenter\" src=\"http:\/\/ecoterre-scop.fr\/wp-content\/uploads\/2013\/03\/Tablette-diptic.jpg\" alt=\"Tablette diptic\" width=\"726\" height=\"309\" srcset=\"https:\/\/ecoterre-scop.fr\/wp-content\/uploads\/2013\/03\/Tablette-diptic.jpg 940w, https:\/\/ecoterre-scop.fr\/wp-content\/uploads\/2013\/03\/Tablette-diptic-300x127.jpg 300w\" sizes=\"auto, (max-width: 726px) 100vw, 726px\" \/><\/a><\/strong>.<\/p>\n<p><strong>Objectif g\u00e9n\u00e9ral :<\/strong><\/p>\n<p>&#8211; ma\u00eetriser la technique des enduits et peintures \u00e0 la chaux<\/p>\n<p><strong>\u00a0Comp\u00e9tences vis\u00e9es :<\/strong><\/p>\n<p>&#8211; comprendre le mat\u00e9riau chaux<br \/>\n&#8211; analyser les supports et pr\u00e9parer des m\u00e9langes<br \/>\n&#8211; savoir faire des choix concernant les techniques et le rendu esth\u00e9tique<\/p>\n<p><strong>Public et pr\u00e9requis\u00a0:<\/strong><\/p>\n<p>Cette formation s\u2019adresse\u00a0:<\/p>\n<ul>\n<li>Aux artisans souhaitant acqu\u00e9rir une sp\u00e9cialisation dans la mise en \u0153uvre de la terre crue\u00a0: ma\u00e7ons, peintres, d\u00e9corateurs\/d\u00e9coratrices<\/li>\n<li>Aux autoconstructeurs, autoconstructrices<\/li>\n<li>A toute personne souhaitant conna\u00eetre les caract\u00e9ristiques du mat\u00e9riau terre (Architecte, bureau d\u2019\u00e9tudes \u2026)<\/li>\n<\/ul>\n<p>Pour suivre cette formation, il est pr\u00e9f\u00e9rable d\u2019avoir des bases en ma\u00e7onnerie, en enduits.<\/p>\n<p><strong>La m\u00e9thode p\u00e9dagogique est active\u00a0:<\/strong><\/p>\n<p>Alternance de s\u00e9quences th\u00e9oriques et pratiques en p\u00e9dagogie active bas\u00e9e sur l\u2019exp\u00e9rimentation<\/p>\n<p><strong>Evaluation et sanction\u00a0:<\/strong><\/p>\n<p>&#8211; Suivi pr\u00e9sentiel avec signature d\u2019une feuille de pr\u00e9sence<\/p>\n<p>&#8211; l\u2019\u00e9valuation des connaissances, aptitudes et comp\u00e9tences se base sur une participation active des stagiaire et une grille d\u2019\u00e9valuation remplie par le formateur<\/p>\n<p>&#8211; grille d\u2019\u00e9valuation par le stagiaire \u00e0 remplir en fin de session<\/p>\n<p>&#8211; attestation individuelle en fin de stage cosign\u00e9e par le formateur et le responsable de l\u2019organisme<\/p>\n<p>&nbsp;<\/p>\n<h4>Programme :<\/h4>\n<div class=\"one_half \"><\/p>\n<h5>Th\u00e9orie<\/h5>\n<ul>\n<li><strong>Les chaux<\/strong><\/li>\n<\/ul>\n<p>&#8211; Historique et mode de production<br \/>\n&#8211; Propri\u00e9t\u00e9s des diff\u00e9rentes chaux\u00a0: a\u00e9riennes, hydrauliques<\/p>\n<ul>\n<li><strong>Les enduits<\/strong><\/li>\n<\/ul>\n<p>&#8211; domaines d\u2019application, qualit\u00e9s thermo physiques et esth\u00e9tiques<br \/>\n&#8211; Pr\u00e9paration du support et choix d\u2019une structure<br \/>\n&#8211; les composants d\u2019un enduits \u00e0 la chaux\u00a0: chaux, sable, eau,<br \/>\n&#8211; dosage des mortiers de chaux\u00a0avec ou sans composants v\u00e9g\u00e9taux ou min\u00e9raux<\/p>\n<ul>\n<li><strong>Techniques<\/strong><\/li>\n<\/ul>\n<p>&#8211; Organisation du chantier, outillages, \u00e9quipement, protection individuelle<br \/>\n&#8211; d\u00e9tails de mise en \u0153uvre\u00a0: raccords, murs chauffants, r\u00e9seaux<br \/>\n&#8211; Diagnostic des d\u00e9sordres, restauration<\/p>\n<p><\/div>\n<div class=\"one_half last \"><\/p>\n<h5>Pratique<\/h5>\n<ul>\n<li><strong>Travaux Pratiques<\/strong><\/li>\n<\/ul>\n<p>&#8211; pr\u00e9paration des supports, pose d\u2019une sous-couche d\u2019accroche, d\u2019un corps d\u2019enduit<br \/>\n&#8211; pr\u00e9paration et pose d\u2019un enduit monocouche et d\u2019un enduit de finition<br \/>\n&#8211; pr\u00e9paration et pose de lait de chaux et de badigeons<br \/>\n&#8211;\u00a0 traitement des surfaces\u00a0: couleurs, finitions, stucage<\/p>\n<ul>\n<li><strong>Exemples de r\u00e9alisations et contexte professionnel<\/strong><\/li>\n<\/ul>\n<p>&#8211; r\u00e9alisations de l\u2019entreprise Ecoterre scop<br \/>\n&#8211; Temps, co\u00fbts, quantit\u00e9s<br \/>\n&#8211; fournisseurs et professionnels du secteur<br \/>\n&#8211; Bibliographie g\u00e9n\u00e9rale et sp\u00e9cialis\u00e9e<\/p>\n<p>&nbsp;<\/p>\n<h5>Evaluation<\/h5>\n<p>&#8211; S\u00e9ance de questions-r\u00e9ponses<br \/>\n&#8211; Fiche d\u2019\u00e9valuation de la formation et du formateur<br \/>\n&#8211; Attestation de formation<br \/>\n<\/div>\n","protected":false},"excerpt":{"rendered":"<p>\u00a0. Objectif g\u00e9n\u00e9ral : &#8211; ma\u00eetriser la technique des enduits et peintures \u00e0 la chaux \u00a0Comp\u00e9tences vis\u00e9es : &#8211; comprendre le mat\u00e9riau chaux &#8211; analyser les supports et pr\u00e9parer des m\u00e9langes &#8211; savoir faire des choix concernant les techniques et le rendu esth\u00e9tique Public et pr\u00e9requis\u00a0: Cette formation s\u2019adresse\u00a0: Aux artisans souhaitant acqu\u00e9rir une sp\u00e9cialisation [&hellip;]<\/p>\n","protected":false},"author":2,"featured_media":0,"parent":25,"menu_order":0,"comment_status":"open","ping_status":"closed","template":"","meta":{"footnotes":""},"class_list":["post-1294","page","type-page","status-publish","hentry"],"_links":{"self":[{"href":"https:\/\/ecoterre-scop.fr\/index.php?rest_route=\/wp\/v2\/pages\/1294","targetHints":{"allow":["GET"]}}],"collection":[{"href":"https:\/\/ecoterre-scop.fr\/index.php?rest_route=\/wp\/v2\/pages"}],"about":[{"href":"https:\/\/ecoterre-scop.fr\/index.php?rest_route=\/wp\/v2\/types\/page"}],"author":[{"embeddable":true,"href":"https:\/\/ecoterre-scop.fr\/index.php?rest_route=\/wp\/v2\/users\/2"}],"replies":[{"embeddable":true,"href":"https:\/\/ecoterre-scop.fr\/index.php?rest_route=%2Fwp%2Fv2%2Fcomments&post=1294"}],"version-history":[{"count":24,"href":"https:\/\/ecoterre-scop.fr\/index.php?rest_route=\/wp\/v2\/pages\/1294\/revisions"}],"predecessor-version":[{"id":2563,"href":"https:\/\/ecoterre-scop.fr\/index.php?rest_route=\/wp\/v2\/pages\/1294\/revisions\/2563"}],"up":[{"embeddable":true,"href":"https:\/\/ecoterre-scop.fr\/index.php?rest_route=\/wp\/v2\/pages\/25"}],"wp:attachment":[{"href":"https:\/\/ecoterre-scop.fr\/index.php?rest_route=%2Fwp%2Fv2%2Fmedia&parent=1294"}],"curies":[{"name":"wp","href":"https:\/\/api.w.org\/{rel}","templated":true}]}}