{"id":121,"date":"2010-12-20T17:44:14","date_gmt":"2010-12-20T16:44:14","guid":{"rendered":"http:\/\/ecoterrescop.fr\/wordpress\/?page_id=121"},"modified":"2011-12-30T22:31:58","modified_gmt":"2011-12-30T21:31:58","slug":"international","status":"publish","type":"page","link":"https:\/\/ecoterre-scop.fr\/?page_id=121","title":{"rendered":"International"},"content":{"rendered":"<h4><a href=\"http:\/\/ecoterre-scop.fr\/wp-content\/uploads\/2010\/12\/F1000060.jpg\"><img loading=\"lazy\" decoding=\"async\" class=\"alignleft size-medium wp-image-449\" title=\"International-Mosqu\u00e9e de Dj\u00e9nn\u00e9\" src=\"http:\/\/ecoterre-scop.fr\/wp-content\/uploads\/2010\/12\/F1000060-300x200.jpg\" alt=\"\" width=\"300\" height=\"200\" srcset=\"https:\/\/ecoterre-scop.fr\/wp-content\/uploads\/2010\/12\/F1000060-300x200.jpg 300w, https:\/\/ecoterre-scop.fr\/wp-content\/uploads\/2010\/12\/F1000060.jpg 940w\" sizes=\"auto, (max-width: 300px) 100vw, 300px\" \/><\/a>Maison du Patrimoine \u00e0 Djenn\u00e9, Mali<\/h4>\n<p><span class=\"dropcap1\">S<\/span>itu\u00e9e \u00e0 540 km de la capitale Bamako et \u00e0 130 km de la ville de Mopti, la ville ancienne de Djenn\u00e9 couvre une superficie de 48,5 ha et compte environ 14 000 habitants. Construite enti\u00e8rement en terre crue (banco), son int\u00e9r\u00eat architectural a permis de l\u2019inscrire sur la liste du Patrimoine Mondial de l\u2019Humanit\u00e9 en 1988.<\/p>\n<p><a href=\"http:\/\/ecoterre-scop.fr\/wp-content\/uploads\/2010\/12\/international-djenn\u00e9-1502.jpg\"><img loading=\"lazy\" decoding=\"async\" class=\"alignleft size-thumbnail wp-image-1055\" title=\"international-djenn\u00e9-150\" src=\"http:\/\/ecoterre-scop.fr\/wp-content\/uploads\/2010\/12\/international-djenn\u00e9-1502-150x150.jpg\" alt=\"\" width=\"150\" height=\"150\" srcset=\"https:\/\/ecoterre-scop.fr\/wp-content\/uploads\/2010\/12\/international-djenn\u00e9-1502-150x150.jpg 150w, https:\/\/ecoterre-scop.fr\/wp-content\/uploads\/2010\/12\/international-djenn\u00e9-1502-300x300.jpg 300w, https:\/\/ecoterre-scop.fr\/wp-content\/uploads\/2010\/12\/international-djenn\u00e9-1502.jpg 470w\" sizes=\"auto, (max-width: 150px) 100vw, 150px\" \/><\/a>Olivier Scherrer m\u00e8ne depuis plusieurs ann\u00e9es des projets de construction et de r\u00e9novation du patrimoine \u00e0 Dj\u00e9nn\u00e9 dans le cadre de l&rsquo;association ACROTERRE.<\/p>\n","protected":false},"excerpt":{"rendered":"<p>Maison du Patrimoine \u00e0 Djenn\u00e9, Mali \u00e0 540 km de la capitale Bamako et \u00e0 130 km de la ville de Mopti, la ville ancienne de Djenn\u00e9 couvre une superficie de 48,5 ha et compte environ 14 000 habitants. Construite enti\u00e8rement en terre crue (banco), son int\u00e9r\u00eat architectural a permis de l\u2019inscrire sur la liste [&hellip;]<\/p>\n","protected":false},"author":2,"featured_media":0,"parent":1517,"menu_order":4,"comment_status":"open","ping_status":"closed","template":"","meta":{"footnotes":""},"class_list":["post-121","page","type-page","status-publish","hentry"],"_links":{"self":[{"href":"https:\/\/ecoterre-scop.fr\/index.php?rest_route=\/wp\/v2\/pages\/121","targetHints":{"allow":["GET"]}}],"collection":[{"href":"https:\/\/ecoterre-scop.fr\/index.php?rest_route=\/wp\/v2\/pages"}],"about":[{"href":"https:\/\/ecoterre-scop.fr\/index.php?rest_route=\/wp\/v2\/types\/page"}],"author":[{"embeddable":true,"href":"https:\/\/ecoterre-scop.fr\/index.php?rest_route=\/wp\/v2\/users\/2"}],"replies":[{"embeddable":true,"href":"https:\/\/ecoterre-scop.fr\/index.php?rest_route=%2Fwp%2Fv2%2Fcomments&post=121"}],"version-history":[{"count":16,"href":"https:\/\/ecoterre-scop.fr\/index.php?rest_route=\/wp\/v2\/pages\/121\/revisions"}],"predecessor-version":[{"id":1571,"href":"https:\/\/ecoterre-scop.fr\/index.php?rest_route=\/wp\/v2\/pages\/121\/revisions\/1571"}],"up":[{"embeddable":true,"href":"https:\/\/ecoterre-scop.fr\/index.php?rest_route=\/wp\/v2\/pages\/1517"}],"wp:attachment":[{"href":"https:\/\/ecoterre-scop.fr\/index.php?rest_route=%2Fwp%2Fv2%2Fmedia&parent=121"}],"curies":[{"name":"wp","href":"https:\/\/api.w.org\/{rel}","templated":true}]}}