{"id":116,"date":"2010-12-15T10:03:32","date_gmt":"2010-12-15T09:03:32","guid":{"rendered":"http:\/\/ecoterrescop.fr\/wordpress\/?page_id=116"},"modified":"2011-12-30T22:31:50","modified_gmt":"2011-12-30T21:31:50","slug":"construire-un-batiment-public","status":"publish","type":"page","link":"https:\/\/ecoterre-scop.fr\/?page_id=116","title":{"rendered":"Equipement public en terre"},"content":{"rendered":"<h3>Construire un \u00e9quipement public en terre gr\u00e2ce au chantier \u00e9cole<\/h3>\n<p><span class=\"dropcap1\">L<\/span>a\u00a0 France poss\u00e8de un important patrimoine de construction en terre. L\u2019\u00e9volution de notre soci\u00e9t\u00e9, ces cinquante derni\u00e8res ann\u00e9es, a \u00e9cart\u00e9 ces techniques traditionnelles et l\u2019esprit de prise en charge collective qui les animait.<br \/>\nAujourd\u2019hui, ces techniques sont \u00e9tudi\u00e9es, am\u00e9lior\u00e9es et mise en \u0153uvre scientifiquement. Parall\u00e8lement, une volont\u00e9 de concertation tend \u00e0 d\u00e9velopper l\u2019initiative et la responsabilisation locales, collectives et individuelles.<br \/>\nLe Chantier-\u00e9cole d&rsquo;insertion permet aux collectivit\u00e9s locales de construire des \u00e9quipements de qualit\u00e9 associant des dimensions sociales et environnementales. Le mat\u00e9riau terre et ses techniques sont particuli\u00e8rement appropri\u00e9s \u00e0 ce type de projets.<br \/>\n<strong>Ecoterre scop<\/strong> en partenariat avec <a href=\"http:\/\/www.cert.coop\/index.php?option=com_content&amp;view=article&amp;id=136&amp;Itemid=124\" target=\"_blank\"><strong>F.O.R.C.E et Cert Formation<\/strong><\/a> propose aux \u00e9lus et aux architectes d&rsquo;\u00e9laborer une d\u00e9marche commune pour la mise en place de chantiers-\u00e9cole ou chantiers d&rsquo;insertion.<br \/>\n<br \/><\/br><\/p>\n<h4>Elaboration d&rsquo;une d\u00e9marche commune<\/h4>\n<p><strong><a href=\"http:\/\/ecoterre-scop.fr\/wp-content\/uploads\/2011\/01\/ptf-institutagro-031.jpg\"><img loading=\"lazy\" decoding=\"async\" class=\"alignright size-medium wp-image-264\" title=\"ptf-institutagro-03\" src=\"http:\/\/ecoterre-scop.fr\/wp-content\/uploads\/2011\/01\/ptf-institutagro-031-300x125.jpg\" alt=\"\" width=\"300\" height=\"125\" srcset=\"https:\/\/ecoterre-scop.fr\/wp-content\/uploads\/2011\/01\/ptf-institutagro-031-300x125.jpg 300w, https:\/\/ecoterre-scop.fr\/wp-content\/uploads\/2011\/01\/ptf-institutagro-031.jpg 940w\" sizes=\"auto, (max-width: 300px) 100vw, 300px\" \/><\/a>Etapes<\/strong><\/p>\n<p>1- Information<br \/>\n2- Identification du projet<br \/>\n3- Etude de faisabilit\u00e9<br \/>\n4- Avant-projet<br \/>\n5- Programmation de la r\u00e9alisation<br \/>\n6- Evaluation<br \/>\n7- Information -Diffusion<\/p>\n<p><strong>Animation<\/strong><\/p>\n<p><a href=\"http:\/\/ecoterre-scop.fr\/wp-content\/uploads\/2010\/12\/animation-960.jpg\"><img loading=\"lazy\" decoding=\"async\" class=\"alignright size-medium wp-image-1044\" title=\"animation-960\" src=\"http:\/\/ecoterre-scop.fr\/wp-content\/uploads\/2010\/12\/animation-960-300x125.jpg\" alt=\"\" width=\"300\" height=\"125\" srcset=\"https:\/\/ecoterre-scop.fr\/wp-content\/uploads\/2010\/12\/animation-960-300x125.jpg 300w, https:\/\/ecoterre-scop.fr\/wp-content\/uploads\/2010\/12\/animation-960.jpg 960w\" sizes=\"auto, (max-width: 300px) 100vw, 300px\" \/><\/a>Elle consiste \u00e0 cr\u00e9er une dynamique visant \u00e0 la r\u00e9alisation des objectifs du projet par un<strong> <\/strong>e d\u00e9marche de compr\u00e9hension des besoins et des d\u00e9sirs de chacun.<\/p>\n<p><strong>Information-Communication<\/strong><\/p>\n<p>Elle est n\u00e9cessaire \u00e0 une bonne coordination entre les participants. Elle permet l\u2019\u00e9largissement de la participation.<\/p>\n<p><span style=\"color: #800000;\"><strong> <\/strong><\/span><strong>Formation<\/strong><\/p>\n<p>Elle offre aux partenaires les moyens de ma\u00eetriser et partager leur activit\u00e9 concr\u00e8tement \u00e0 travers cette r\u00e9alisation.<span style=\"color: #800000;\"><strong> <\/strong><\/span><br \/>\n<strong><\/strong><\/p>\n<p><strong><a href=\"http:\/\/ecoterre-scop.fr\/wp-content\/uploads\/2011\/01\/ptf-vabres-051.jpg\"><img loading=\"lazy\" decoding=\"async\" class=\"alignright size-medium wp-image-273\" title=\"ptf-vabres-05\" src=\"http:\/\/ecoterre-scop.fr\/wp-content\/uploads\/2011\/01\/ptf-vabres-051-300x125.jpg\" alt=\"\" width=\"300\" height=\"125\" srcset=\"https:\/\/ecoterre-scop.fr\/wp-content\/uploads\/2011\/01\/ptf-vabres-051-300x125.jpg 300w, https:\/\/ecoterre-scop.fr\/wp-content\/uploads\/2011\/01\/ptf-vabres-051.jpg 940w\" sizes=\"auto, (max-width: 300px) 100vw, 300px\" \/><\/a>Les participants<\/strong><\/p>\n<p>A d\u00e9finir pour chaque phase du projet\u00a0: la maitrise d\u2019ouvrage, les utilisateurs, des entreprises et artisans locaux, des bureaux d\u2019\u00e9tude locaux, des organismes d\u2019aides au financement, des organismes de formation professionnelle, des associations de chantiers de jeunesse, Ecoterre, \u2026.et autres, int\u00e9ress\u00e9s par le projet.<\/p>\n","protected":false},"excerpt":{"rendered":"<p>Construire un \u00e9quipement public en terre gr\u00e2ce au chantier \u00e9cole \u00a0 France poss\u00e8de un important patrimoine de construction en terre. L\u2019\u00e9volution de notre soci\u00e9t\u00e9, ces cinquante derni\u00e8res ann\u00e9es, a \u00e9cart\u00e9 ces techniques traditionnelles et l\u2019esprit de prise en charge collective qui les animait. Aujourd\u2019hui, ces techniques sont \u00e9tudi\u00e9es, am\u00e9lior\u00e9es et mise en \u0153uvre scientifiquement. Parall\u00e8lement, [&hellip;]<\/p>\n","protected":false},"author":2,"featured_media":0,"parent":1517,"menu_order":3,"comment_status":"open","ping_status":"closed","template":"","meta":{"footnotes":""},"class_list":["post-116","page","type-page","status-publish","hentry"],"_links":{"self":[{"href":"https:\/\/ecoterre-scop.fr\/index.php?rest_route=\/wp\/v2\/pages\/116","targetHints":{"allow":["GET"]}}],"collection":[{"href":"https:\/\/ecoterre-scop.fr\/index.php?rest_route=\/wp\/v2\/pages"}],"about":[{"href":"https:\/\/ecoterre-scop.fr\/index.php?rest_route=\/wp\/v2\/types\/page"}],"author":[{"embeddable":true,"href":"https:\/\/ecoterre-scop.fr\/index.php?rest_route=\/wp\/v2\/users\/2"}],"replies":[{"embeddable":true,"href":"https:\/\/ecoterre-scop.fr\/index.php?rest_route=%2Fwp%2Fv2%2Fcomments&post=116"}],"version-history":[{"count":17,"href":"https:\/\/ecoterre-scop.fr\/index.php?rest_route=\/wp\/v2\/pages\/116\/revisions"}],"predecessor-version":[{"id":1570,"href":"https:\/\/ecoterre-scop.fr\/index.php?rest_route=\/wp\/v2\/pages\/116\/revisions\/1570"}],"up":[{"embeddable":true,"href":"https:\/\/ecoterre-scop.fr\/index.php?rest_route=\/wp\/v2\/pages\/1517"}],"wp:attachment":[{"href":"https:\/\/ecoterre-scop.fr\/index.php?rest_route=%2Fwp%2Fv2%2Fmedia&parent=116"}],"curies":[{"name":"wp","href":"https:\/\/api.w.org\/{rel}","templated":true}]}}