{"id":104,"date":"2010-12-15T09:18:21","date_gmt":"2010-12-15T09:18:21","guid":{"rendered":"http:\/\/ecoterrescop.fr\/wordpress\/?page_id=104"},"modified":"2015-07-21T09:14:08","modified_gmt":"2015-07-21T08:14:08","slug":"inscription","status":"publish","type":"page","link":"https:\/\/ecoterre-scop.fr\/?page_id=104","title":{"rendered":"Inscription"},"content":{"rendered":"<p><a href=\"http:\/\/ecoterre-scop.fr\/wp-content\/uploads\/2014\/10\/terre-paille-stage-cantercel-3-940.jpeg\"><img loading=\"lazy\" decoding=\"async\" class=\"  wp-image-2180 alignnone\" src=\"http:\/\/ecoterre-scop.fr\/wp-content\/uploads\/2014\/10\/terre-paille-stage-cantercel-3-940.jpeg\" alt=\"terre-paille stage cantercel 3-940\" width=\"517\" height=\"220\" srcset=\"https:\/\/ecoterre-scop.fr\/wp-content\/uploads\/2014\/10\/terre-paille-stage-cantercel-3-940.jpeg 940w, https:\/\/ecoterre-scop.fr\/wp-content\/uploads\/2014\/10\/terre-paille-stage-cantercel-3-940-300x127.jpeg 300w\" sizes=\"auto, (max-width: 517px) 100vw, 517px\" \/><\/a><\/p>\n<p>Inscrivez-vous \u00e0 nos formations \u00e0 travers cette feuille de contact.<\/p>\n<p>Pr\u00e9cisez \u00e0 laquelle vous voudriez participer.<\/p>\n<p>Nous vous recontacterons dans les plus brefs d\u00e9lais.<\/p>\n","protected":false},"excerpt":{"rendered":"<p>Inscrivez-vous \u00e0 nos formations \u00e0 travers cette feuille de contact. Pr\u00e9cisez \u00e0 laquelle vous voudriez participer. Nous vous recontacterons dans les plus brefs d\u00e9lais.<\/p>\n","protected":false},"author":2,"featured_media":0,"parent":25,"menu_order":0,"comment_status":"open","ping_status":"closed","template":"contact.php","meta":{"footnotes":""},"class_list":["post-104","page","type-page","status-publish","hentry"],"_links":{"self":[{"href":"https:\/\/ecoterre-scop.fr\/index.php?rest_route=\/wp\/v2\/pages\/104","targetHints":{"allow":["GET"]}}],"collection":[{"href":"https:\/\/ecoterre-scop.fr\/index.php?rest_route=\/wp\/v2\/pages"}],"about":[{"href":"https:\/\/ecoterre-scop.fr\/index.php?rest_route=\/wp\/v2\/types\/page"}],"author":[{"embeddable":true,"href":"https:\/\/ecoterre-scop.fr\/index.php?rest_route=\/wp\/v2\/users\/2"}],"replies":[{"embeddable":true,"href":"https:\/\/ecoterre-scop.fr\/index.php?rest_route=%2Fwp%2Fv2%2Fcomments&post=104"}],"version-history":[{"count":27,"href":"https:\/\/ecoterre-scop.fr\/index.php?rest_route=\/wp\/v2\/pages\/104\/revisions"}],"predecessor-version":[{"id":2290,"href":"https:\/\/ecoterre-scop.fr\/index.php?rest_route=\/wp\/v2\/pages\/104\/revisions\/2290"}],"up":[{"embeddable":true,"href":"https:\/\/ecoterre-scop.fr\/index.php?rest_route=\/wp\/v2\/pages\/25"}],"wp:attachment":[{"href":"https:\/\/ecoterre-scop.fr\/index.php?rest_route=%2Fwp%2Fv2%2Fmedia&parent=104"}],"curies":[{"name":"wp","href":"https:\/\/api.w.org\/{rel}","templated":true}]}}